{"id":497,"date":"2026-01-04T15:27:04","date_gmt":"2026-01-04T15:27:04","guid":{"rendered":"https:\/\/silesiana-osuszanie.pl\/index.php\/lokalizacja-nieszczelnosci-dachow-plaskich\/"},"modified":"2026-01-23T16:02:44","modified_gmt":"2026-01-23T16:02:44","slug":"lokalizacja-nieszczelnosci-dachow-plaskich","status":"publish","type":"page","link":"https:\/\/silesiana-osuszanie.pl\/index.php\/lokalizacja-nieszczelnosci-dachow-plaskich\/","title":{"rendered":"Lokalizacja nieszczelno\u015bci  dach\u00f3w p\u0142askich"},"content":{"rendered":"\n\n\n\n\n\n","protected":false},"excerpt":{"rendered":"","protected":false},"author":1,"featured_media":0,"parent":0,"menu_order":0,"comment_status":"closed","ping_status":"closed","template":"full-width","meta":{"saved_in_kubio":true,"footnotes":""},"class_list":["post-497","page","type-page","status-publish","hentry"],"kubio_ai_page_context":{"short_desc":"","purpose":"general"},"_links":{"self":[{"href":"https:\/\/silesiana-osuszanie.pl\/index.php\/wp-json\/wp\/v2\/pages\/497","targetHints":{"allow":["GET"]}}],"collection":[{"href":"https:\/\/silesiana-osuszanie.pl\/index.php\/wp-json\/wp\/v2\/pages"}],"about":[{"href":"https:\/\/silesiana-osuszanie.pl\/index.php\/wp-json\/wp\/v2\/types\/page"}],"author":[{"embeddable":true,"href":"https:\/\/silesiana-osuszanie.pl\/index.php\/wp-json\/wp\/v2\/users\/1"}],"replies":[{"embeddable":true,"href":"https:\/\/silesiana-osuszanie.pl\/index.php\/wp-json\/wp\/v2\/comments?post=497"}],"version-history":[{"count":11,"href":"https:\/\/silesiana-osuszanie.pl\/index.php\/wp-json\/wp\/v2\/pages\/497\/revisions"}],"predecessor-version":[{"id":639,"href":"https:\/\/silesiana-osuszanie.pl\/index.php\/wp-json\/wp\/v2\/pages\/497\/revisions\/639"}],"wp:attachment":[{"href":"https:\/\/silesiana-osuszanie.pl\/index.php\/wp-json\/wp\/v2\/media?parent=497"}],"curies":[{"name":"wp","href":"https:\/\/api.w.org\/{rel}","templated":true}]}}